{"id":4508,"date":"2025-03-28T07:08:31","date_gmt":"2025-03-28T06:08:31","guid":{"rendered":"https:\/\/www.aquafollie.it\/promocja-urodzinowa\/"},"modified":"2026-04-14T16:25:10","modified_gmt":"2026-04-14T14:25:10","slug":"promocja-urodzinowa","status":"publish","type":"page","link":"https:\/\/www.aquafollie.it\/pl\/promocja-urodzinowa\/","title":{"rendered":"Promocja urodzinowa"},"content":{"rendered":"<div class=\"wpb-content-wrapper\">[vc_row full_width=&#8221;stretch_row_content&#8221; el_class=&#8221;birthday-section ptd170 ptm110 pbd50 pbm50&#8243; css=&#8221;.vc_custom_1743074577251{padding-right: 45px !important;padding-left: 45px !important;}&#8221;][vc_column width=&#8221;3\/5&#8243; css=&#8221;.vc_custom_1743055678303{padding-right: 80px !important;}&#8221; el_class=&#8221;complenno-special-right&#8221;]<style>.vcex-heading.vcex_69ecec5c5dfa7{color:var(--wpex-on-accent);font-size:55px;font-family:Grandstander;line-height:1.2;margin-block-start:0px;}@media (max-width:959px){.vcex-heading.vcex_69ecec5c5dfa7{font-size:35px;}}<\/style><h2 class=\"vcex-heading vcex-heading-plain vcex-module wpex-h1 wpex-text-left  wpb_animate_when_almost_visible wpb_fadeInLeft fadeInLeft mbd30 mbm10 banner-heading vcex_69ecec5c5dfa7\"><span class=\"vcex-heading-inner wpex-inline-block\">SPECJALNE URODZINY \u015aWI\u0118TUJ Z NAMI!<\/span><\/h2>[vc_column_text css_animation=&#8221;fadeInLeft&#8221; css=&#8221;&#8221; color=&#8221;accent-alt&#8221; font_size=&#8221;d:20|tp:18&#8243; font_family=&#8221;Nunito&#8221; line_height=&#8221;1.5&#8243;]Twoje urodziny przypadaj\u0105 w sezonie otwarcia? To idealny moment, \u017ceby zdmuchn\u0105\u0107 \u015bwieczki\u2026 w\u015br\u00f3d fal, zje\u017cd\u017calni i \u015bmiechu! <\/p>\n<p class=\"mbd5\">Oto, co dla ciebie przygotowali\u015bmy:<\/p>\n<ul>\n<li><strong>Solenizant wchodzi ZA DARMO!<\/strong>  (Wystarczy przynie\u015b\u0107 dokument potwierdzaj\u0105cy dat\u0119 urodzenia)<\/li>\n<li><strong>Trzy specjalne menu<\/strong> w promocyjnej cenie dla ciebie i twoich przyjaci\u00f3\u0142<\/li>\n<li><strong>Przynosisz tort?<\/strong>  My go dla ciebie sch\u0142odzimy! (Tylko torty z cukierni, zgodnie z normami HACCP) <\/li>\n<li><strong>P\u0142acisz bezpo\u015brednio w kasie,<\/strong> bez zaliczki<\/li>\n<li><strong>Zarezerwuj do 2 dni wcze\u015bniej<\/strong> i przygotuj si\u0119 na niezapomniany dzie\u0144!<\/li>\n<\/ul>\n<p>Masz grup\u0119 co najmniej <strong>20 os\u00f3b p\u0142ac\u0105cych?<\/strong> Wszyscy twoi go\u015bcie b\u0119d\u0105 mogli wej\u015b\u0107 w super promocyjnej cenie: <strong>tylko 20 \u20ac za osob\u0119!<\/strong> Je\u015bli grupa jest mniejsza, obowi\u0105zuj\u0105 standardowe ceny.<\/p>\n<p>Wi\u0119c\u2026 gotowi, \u017ceby zdmuchn\u0105\u0107 \u015bwieczki z Fufim?[\/vc_column_text][\/vc_column][vc_column width=&#8221;2\/5&#8243; el_class=&#8221;ptd10 complenno-special-right&#8221;]<style>.vcex-image.vcex_69ecec5c5ea66 .vcex-image-img{object-position:center center;}<\/style><figure class=\"vcex-image vcex-module wpex-text-center  wpb_animate_when_almost_visible wpb_fadeInUp fadeInUp compleanno-img vcex_69ecec5c5ea66\"><div class=\"vcex-image-inner wpex-relative wpex-inline-block\"><img width=\"432\" height=\"430\" src=\"https:\/\/www.aquafollie.it\/wp-content\/uploads\/2025\/03\/COMPLEANNO.png\" class=\"vcex-image-img wpex-align-middle\" alt=\"Mamma e figlie sorridono insieme.\" loading=\"lazy\" decoding=\"async\" srcset=\"https:\/\/www.aquafollie.it\/wp-content\/uploads\/2025\/03\/COMPLEANNO.png 432w, https:\/\/www.aquafollie.it\/wp-content\/uploads\/2025\/03\/COMPLEANNO-300x300.png 300w, https:\/\/www.aquafollie.it\/wp-content\/uploads\/2025\/03\/COMPLEANNO-150x150.png 150w\" sizes=\"auto, (max-width: 432px) 100vw, 432px\" \/><\/div><\/figure><style>.vcex-image.vcex_69ecec5c5f986{animation-delay:0.2s;}<\/style><figure class=\"vcex-image vcex-module wpex-text-center  wpb_animate_when_almost_visible wpb_rotateInDownLeft rotateInDownLeft compleanno-water-img vcex_69ecec5c5f986\"><div class=\"vcex-image-inner wpex-relative wpex-inline-block\"><img width=\"9999\" height=\"409\" src=\"https:\/\/www.aquafollie.it\/wp-content\/uploads\/2025\/03\/gocciolona_gialla.svg\" class=\"vcex-image-img wpex-align-middle\" alt=\"\" loading=\"lazy\" decoding=\"async\" \/><\/div><\/figure>[\/vc_column][\/vc_row][vc_row el_class=&#8221;ptd40 pbd60 ptm20 pbm20&#8243;][vc_column]\n<div class=\"wpcf7 no-js\" id=\"wpcf7-f4799-o1\" lang=\"pl-PL\" dir=\"ltr\" data-wpcf7-id=\"4799\">\n<div class=\"screen-reader-response\"><p role=\"status\" aria-live=\"polite\" aria-atomic=\"true\"><\/p> <ul><\/ul><\/div>\n<form action=\"\/pl\/wp-json\/wp\/v2\/pages\/4508#wpcf7-f4799-o1\" method=\"post\" class=\"wpcf7-form init\" aria-label=\"Formularz kontaktowy\" novalidate=\"novalidate\" data-status=\"init\">\n<fieldset class=\"hidden-fields-container\"><input type=\"hidden\" name=\"_wpcf7\" value=\"4799\" \/><input type=\"hidden\" name=\"_wpcf7_version\" value=\"6.1.5\" \/><input type=\"hidden\" name=\"_wpcf7_locale\" value=\"pl_PL\" \/><input type=\"hidden\" name=\"_wpcf7_unit_tag\" value=\"wpcf7-f4799-o1\" \/><input type=\"hidden\" name=\"_wpcf7_container_post\" value=\"0\" \/><input type=\"hidden\" name=\"_wpcf7_posted_data_hash\" value=\"\" \/><input type=\"hidden\" name=\"_wpcf7_recaptcha_response\" value=\"\" \/>\n<\/fieldset>\n<div class=\"birthday-form\">\n\t<div class=\"form-row\">\n\t\t<div class=\"form-column\">\n\t\t\t<p><label class=\"label\" for=\"nome-festeggiato\">Imi\u0119 solenizanta\/solenizantki *<\/label><br \/>\n<span class=\"wpcf7-form-control-wrap\" data-name=\"nome-festeggiato\"><input size=\"40\" maxlength=\"400\" class=\"wpcf7-form-control wpcf7-text wpcf7-validates-as-required input-field\" id=\"nome-festeggiato\" aria-required=\"true\" aria-invalid=\"false\" placeholder=\"Imi\u0119 solenizanta\/solenizantki\" value=\"\" type=\"text\" name=\"nome-festeggiato\" \/><\/span>\n\t\t\t<\/p>\n\t\t<\/div>\n\t\t<div class=\"form-column\">\n\t\t\t<p><label class=\"label\" for=\"data-compleanno\">Data urodzin *<\/label><br \/>\n<span class=\"wpcf7-form-control-wrap\" data-name=\"data-compleanno\"><input class=\"wpcf7-form-control wpcf7-date wpcf7-validates-as-required wpcf7-validates-as-date input-field\" id=\"data-compleanno\" aria-required=\"true\" aria-invalid=\"false\" placeholder=\"DD\/MM\/RR\" value=\"\" type=\"date\" name=\"data-compleanno\" \/><\/span>\n\t\t\t<\/p>\n\t\t<\/div>\n\t\t<div class=\"form-column\">\n\t\t\t<p><label class=\"label\" for=\"nome-riferimento\">Imi\u0119 i Nazwisko osoby kontaktowej *<\/label><br \/>\n<span class=\"wpcf7-form-control-wrap\" data-name=\"nome-riferimento\"><input size=\"40\" maxlength=\"400\" class=\"wpcf7-form-control wpcf7-text wpcf7-validates-as-required input-field\" id=\"nome-riferimento\" aria-required=\"true\" aria-invalid=\"false\" placeholder=\"Imi\u0119 i Nazwisko\" value=\"\" type=\"text\" name=\"nome-riferimento\" \/><\/span>\n\t\t\t<\/p>\n\t\t<\/div>\n\t\t<div class=\"form-column\">\n\t\t\t<p><label class=\"label\" for=\"email\">E-mail *<\/label><br \/>\n<span class=\"wpcf7-form-control-wrap\" data-name=\"email\"><input size=\"40\" maxlength=\"400\" class=\"wpcf7-form-control wpcf7-email wpcf7-validates-as-required wpcf7-text wpcf7-validates-as-email input-field\" id=\"email\" aria-required=\"true\" aria-invalid=\"false\" placeholder=\"E-mail\" value=\"\" type=\"email\" name=\"email\" \/><\/span>\n\t\t\t<\/p>\n\t\t<\/div>\n\t\t<div class=\"form-column\">\n\t\t\t<p><label class=\"label\" for=\"numero-partecipanti\">Liczba uczestnik\u00f3w<\/label><br \/>\n<span class=\"wpcf7-form-control-wrap\" data-name=\"numero-partecipanti\"><input class=\"wpcf7-form-control wpcf7-number wpcf7-validates-as-number input-field\" id=\"numero-partecipanti\" aria-invalid=\"false\" placeholder=\"Liczba uczestnik\u00f3w\" value=\"\" type=\"number\" name=\"numero-partecipanti\" \/><\/span>\n\t\t\t<\/p>\n\t\t<\/div>\n\t<\/div>\n\t<div class=\"form-row birthday-menu ptd50 ptm20 pbd50 pbm20\">\n\t\t<div class=\"form-column\">\n\t\t\t<h5 class=\"label\">Menu HAPPY 9,50\u20ac\n\t\t\t<\/h5>\n\t\t\t<p>Kawa\u0142ek pizzy + frytki + nap\u00f3j + l\u00f3d na patyku\n\t\t\t<\/p>\n\t\t<\/div>\n\t\t<div class=\"form-column\">\n\t\t\t<p><label class=\"label\" for=\"quantita-happy\">Ilo\u015b\u0107<\/label><br \/>\n<span class=\"wpcf7-form-control-wrap\" data-name=\"quantita-happy\"><input class=\"wpcf7-form-control wpcf7-number wpcf7-validates-as-number input-field\" id=\"quantita-happy\" aria-invalid=\"false\" placeholder=\"Ilo\u015b\u0107\" value=\"\" type=\"number\" name=\"quantita-happy\" \/><\/span>\n\t\t\t<\/p>\n\t\t<\/div>\n\t\t<div class=\"form-column\">\n\t\t\t<h5 class=\"label\">Menu SPECIAL 10,50\u20ac\n\t\t\t<\/h5>\n\t\t\t<p>Cheeseburger + frytki + nap\u00f3j + lody Sundae\n\t\t\t<\/p>\n\t\t<\/div>\n\t\t<div class=\"form-column\">\n\t\t\t<p><label class=\"label\" for=\"quantita-special\">Ilo\u015b\u0107<\/label><br \/>\n<span class=\"wpcf7-form-control-wrap\" data-name=\"quantita-special\"><input class=\"wpcf7-form-control wpcf7-number wpcf7-validates-as-number input-field\" id=\"quantita-special\" aria-invalid=\"false\" placeholder=\"Ilo\u015b\u0107\" value=\"\" type=\"number\" name=\"quantita-special\" \/><\/span>\n\t\t\t<\/p>\n\t\t<\/div>\n\t\t<div class=\"form-column\">\n\t\t\t<h5 class=\"label\">Menu PREMIUM 13,50\u20ac\n\t\t\t<\/h5>\n\t\t\t<p>Podw\u00f3jny cheeseburger + frytki + nap\u00f3j + lody Sundae\n\t\t\t<\/p>\n\t\t<\/div>\n\t\t<div class=\"form-column\">\n\t\t\t<p><label class=\"label\" for=\"quantita-premium\">Ilo\u015b\u0107<\/label><br \/>\n<span class=\"wpcf7-form-control-wrap\" data-name=\"quantita-premium\"><input class=\"wpcf7-form-control wpcf7-number wpcf7-validates-as-number input-field\" id=\"quantita-premium\" aria-invalid=\"false\" placeholder=\"Ilo\u015b\u0107\" value=\"\" type=\"number\" name=\"quantita-premium\" \/><\/span>\n\t\t\t<\/p>\n\t\t<\/div>\n\t<\/div>\n\t<div class=\"form-row birthday-radio\">\n\t\t<div class=\"form-column\">\n\t\t\t<h4 class=\"label\">Chcesz zarezerwowa\u0107 stolik?\n\t\t\t<\/h4>\n\t\t\t<div class=\"radio-group mbd15 mbm15\">\n\t\t\t\t<p><span class=\"custom-radio\"><br \/>\n<span class=\"wpcf7-form-control-wrap\" data-name=\"tavolo-riservato\"><span class=\"wpcf7-form-control wpcf7-radio\"><span class=\"wpcf7-list-item first\"><label><input type=\"radio\" name=\"tavolo-riservato\" value=\"Tak\" \/><span class=\"wpcf7-list-item-label\">Tak<\/span><\/label><\/span><span class=\"wpcf7-list-item last\"><label><input type=\"radio\" name=\"tavolo-riservato\" value=\"Nie\" \/><span class=\"wpcf7-list-item-label\">Nie<\/span><\/label><\/span><\/span><\/span><br \/>\n<\/span>\n\t\t\t\t<\/p>\n\t\t\t<\/div>\n\t\t\t<p><br \/>\nJe\u015bli zarezerwowa\u0142e\u015b dedykowane menu, mo\u017cesz poprosi\u0107 o zarezerwowany stolik na ca\u0142y dzie\u0144, bez dodatkowych koszt\u00f3w.\n\t\t\t<\/p>\n\t\t<\/div>\n\t<\/div>\n\t<div class=\"vc_row\">\n\t\t<div class=\"vc_col-sm-7 color\">\n\t\t\t<p><span class=\"wpcf7-form-control-wrap\" data-name=\"privacy\"><span class=\"wpcf7-form-control wpcf7-acceptance\"><span class=\"wpcf7-list-item\"><label><input type=\"checkbox\" name=\"privacy\" value=\"1\" aria-invalid=\"false\" \/><span class=\"wpcf7-list-item-label\">Akceptuj\u0119 warunki okre\u015blone w <a href=\"https:\/\/www.aquafollie.it\/privacy-e-cookie-policy\/\">polityce prywatno\u015bci<\/a><\/span><\/label><\/span><\/span><\/span>\n\t\t\t<\/p>\n\t\t<\/div>\n\t\t<div class=\"vc_col-sm-5 form-submit\">\n\t\t\t<p><input class=\"wpcf7-form-control wpcf7-submit has-spinner\" type=\"submit\" value=\"WY\u015aLIJ\" \/>\n\t\t\t<\/p>\n\t\t<\/div>\n\t<\/div>\n<\/div><input type='hidden' class='wpcf7-pum' value='{\"closepopup\":false,\"closedelay\":0,\"openpopup\":false,\"openpopup_id\":0}' \/><div class=\"wpcf7-response-output\" aria-hidden=\"true\"><\/div>\n<\/form>\n<\/div>\n[\/vc_column][\/vc_row]\n<\/div>","protected":false},"excerpt":{"rendered":"<p>[vc_row full_width=&#8221;stretch_row_content&#8221; el_class=&#8221;birthday-section ptd170 ptm110 pbd50 pbm50&#8243; css=&#8221;.vc_custom_1743074577251{padding-right: 45px !important;padding-left: 45px !important;}&#8221;][vc_column width=&#8221;3\/5&#8243; css=&#8221;.vc_custom_1743055678303{padding-right: 80px !important;}&#8221; el_class=&#8221;complenno-special-right&#8221;][vc_column_text css_animation=&#8221;fadeInLeft&#8221; css=&#8221;&#8221; color=&#8221;accent-alt&#8221; font_size=&#8221;d:20|tp:18&#8243; font_family=&#8221;Nunito&#8221; line_height=&#8221;1.5&#8243;]Twoje urodziny przypadaj\u0105 w sezonie otwarcia? To idealny moment, \u017ceby zdmuchn\u0105\u0107 \u015bwieczki\u2026 w\u015br\u00f3d fal, zje\u017cd\u017calni i \u015bmiechu! Oto, co dla ciebie przygotowali\u015bmy: Solenizant wchodzi ZA DARMO! (Wystarczy przynie\u015b\u0107 dokument potwierdzaj\u0105cy dat\u0119 urodzenia) Trzy&hellip;<\/p>\n","protected":false},"author":1,"featured_media":0,"parent":0,"menu_order":0,"comment_status":"closed","ping_status":"closed","template":"","meta":{"_acf_changed":false,"inline_featured_image":false,"footnotes":""},"class_list":["post-4508","page","type-page","status-publish","hentry","entry","no-media"],"acf":[],"yoast_head":"<!-- This site is optimized with the Yoast SEO plugin v27.1.1 - https:\/\/yoast.com\/product\/yoast-seo-wordpress\/ -->\n<title>Promocja urodzinowa - Aquafollie<\/title>\n<meta name=\"description\" content=\"\u015awi\u0119tuj swoje urodziny w Aquafollie w Caorle! Darmowy bilet i niezapomniany dzie\u0144 pe\u0142en zje\u017cd\u017calni, przyjaci\u00f3\u0142 i niespodzianek.\" \/>\n<meta name=\"robots\" content=\"index, follow, max-snippet:-1, max-image-preview:large, max-video-preview:-1\" \/>\n<link rel=\"canonical\" href=\"https:\/\/www.aquafollie.it\/pl\/promocja-urodzinowa\/\" \/>\n<meta property=\"og:locale\" content=\"pl_PL\" \/>\n<meta property=\"og:type\" content=\"article\" \/>\n<meta property=\"og:title\" content=\"Promocja urodzinowa - Aquafollie\" \/>\n<meta property=\"og:description\" content=\"\u015awi\u0119tuj swoje urodziny w Aquafollie w Caorle! Darmowy bilet i niezapomniany dzie\u0144 pe\u0142en zje\u017cd\u017calni, przyjaci\u00f3\u0142 i niespodzianek.\" \/>\n<meta property=\"og:url\" content=\"https:\/\/www.aquafollie.it\/pl\/promocja-urodzinowa\/\" \/>\n<meta property=\"og:site_name\" content=\"Aquafollie\" \/>\n<meta property=\"article:modified_time\" content=\"2026-04-14T14:25:10+00:00\" \/>\n<meta name=\"twitter:card\" content=\"summary_large_image\" \/>\n<meta name=\"twitter:label1\" content=\"Szacowany czas czytania\" \/>\n\t<meta name=\"twitter:data1\" content=\"1 minuta\" \/>\n<script type=\"application\/ld+json\" class=\"yoast-schema-graph\">{\"@context\":\"https:\/\/schema.org\",\"@graph\":[{\"@type\":\"WebPage\",\"@id\":\"https:\/\/www.aquafollie.it\/pl\/promocja-urodzinowa\/\",\"url\":\"https:\/\/www.aquafollie.it\/pl\/promocja-urodzinowa\/\",\"name\":\"Promocja urodzinowa - Aquafollie\",\"isPartOf\":{\"@id\":\"https:\/\/www.aquafollie.it\/en\/#website\"},\"datePublished\":\"2025-03-28T06:08:31+00:00\",\"dateModified\":\"2026-04-14T14:25:10+00:00\",\"description\":\"\u015awi\u0119tuj swoje urodziny w Aquafollie w Caorle! Darmowy bilet i niezapomniany dzie\u0144 pe\u0142en zje\u017cd\u017calni, przyjaci\u00f3\u0142 i niespodzianek.\",\"breadcrumb\":{\"@id\":\"https:\/\/www.aquafollie.it\/pl\/promocja-urodzinowa\/#breadcrumb\"},\"inLanguage\":\"pl-PL\",\"potentialAction\":[{\"@type\":\"ReadAction\",\"target\":[\"https:\/\/www.aquafollie.it\/pl\/promocja-urodzinowa\/\"]}]},{\"@type\":\"BreadcrumbList\",\"@id\":\"https:\/\/www.aquafollie.it\/pl\/promocja-urodzinowa\/#breadcrumb\",\"itemListElement\":[{\"@type\":\"ListItem\",\"position\":1,\"name\":\"Home\",\"item\":\"https:\/\/www.aquafollie.it\/pl\/\"},{\"@type\":\"ListItem\",\"position\":2,\"name\":\"Promocja urodzinowa\"}]},{\"@type\":\"WebSite\",\"@id\":\"https:\/\/www.aquafollie.it\/en\/#website\",\"url\":\"https:\/\/www.aquafollie.it\/en\/\",\"name\":\"Aquafollie\",\"description\":\"\",\"publisher\":{\"@id\":\"https:\/\/www.aquafollie.it\/en\/#organization\"},\"potentialAction\":[{\"@type\":\"SearchAction\",\"target\":{\"@type\":\"EntryPoint\",\"urlTemplate\":\"https:\/\/www.aquafollie.it\/en\/?s={search_term_string}\"},\"query-input\":{\"@type\":\"PropertyValueSpecification\",\"valueRequired\":true,\"valueName\":\"search_term_string\"}}],\"inLanguage\":\"pl-PL\"},{\"@type\":\"Organization\",\"@id\":\"https:\/\/www.aquafollie.it\/en\/#organization\",\"name\":\"Aquafollie\",\"url\":\"https:\/\/www.aquafollie.it\/en\/\",\"logo\":{\"@type\":\"ImageObject\",\"inLanguage\":\"pl-PL\",\"@id\":\"https:\/\/www.aquafollie.it\/en\/#\/schema\/logo\/image\/\",\"url\":\"https:\/\/www.aquafollie.it\/wp-content\/uploads\/2025\/03\/aquafollie-logo.svg\",\"contentUrl\":\"https:\/\/www.aquafollie.it\/wp-content\/uploads\/2025\/03\/aquafollie-logo.svg\",\"width\":244,\"height\":67,\"caption\":\"Aquafollie\"},\"image\":{\"@id\":\"https:\/\/www.aquafollie.it\/en\/#\/schema\/logo\/image\/\"}}]}<\/script>\n<!-- \/ Yoast SEO plugin. -->","yoast_head_json":{"title":"Promocja urodzinowa - Aquafollie","description":"\u015awi\u0119tuj swoje urodziny w Aquafollie w Caorle! Darmowy bilet i niezapomniany dzie\u0144 pe\u0142en zje\u017cd\u017calni, przyjaci\u00f3\u0142 i niespodzianek.","robots":{"index":"index","follow":"follow","max-snippet":"max-snippet:-1","max-image-preview":"max-image-preview:large","max-video-preview":"max-video-preview:-1"},"canonical":"https:\/\/www.aquafollie.it\/pl\/promocja-urodzinowa\/","og_locale":"pl_PL","og_type":"article","og_title":"Promocja urodzinowa - Aquafollie","og_description":"\u015awi\u0119tuj swoje urodziny w Aquafollie w Caorle! Darmowy bilet i niezapomniany dzie\u0144 pe\u0142en zje\u017cd\u017calni, przyjaci\u00f3\u0142 i niespodzianek.","og_url":"https:\/\/www.aquafollie.it\/pl\/promocja-urodzinowa\/","og_site_name":"Aquafollie","article_modified_time":"2026-04-14T14:25:10+00:00","twitter_card":"summary_large_image","twitter_misc":{"Szacowany czas czytania":"1 minuta"},"schema":{"@context":"https:\/\/schema.org","@graph":[{"@type":"WebPage","@id":"https:\/\/www.aquafollie.it\/pl\/promocja-urodzinowa\/","url":"https:\/\/www.aquafollie.it\/pl\/promocja-urodzinowa\/","name":"Promocja urodzinowa - Aquafollie","isPartOf":{"@id":"https:\/\/www.aquafollie.it\/en\/#website"},"datePublished":"2025-03-28T06:08:31+00:00","dateModified":"2026-04-14T14:25:10+00:00","description":"\u015awi\u0119tuj swoje urodziny w Aquafollie w Caorle! Darmowy bilet i niezapomniany dzie\u0144 pe\u0142en zje\u017cd\u017calni, przyjaci\u00f3\u0142 i niespodzianek.","breadcrumb":{"@id":"https:\/\/www.aquafollie.it\/pl\/promocja-urodzinowa\/#breadcrumb"},"inLanguage":"pl-PL","potentialAction":[{"@type":"ReadAction","target":["https:\/\/www.aquafollie.it\/pl\/promocja-urodzinowa\/"]}]},{"@type":"BreadcrumbList","@id":"https:\/\/www.aquafollie.it\/pl\/promocja-urodzinowa\/#breadcrumb","itemListElement":[{"@type":"ListItem","position":1,"name":"Home","item":"https:\/\/www.aquafollie.it\/pl\/"},{"@type":"ListItem","position":2,"name":"Promocja urodzinowa"}]},{"@type":"WebSite","@id":"https:\/\/www.aquafollie.it\/en\/#website","url":"https:\/\/www.aquafollie.it\/en\/","name":"Aquafollie","description":"","publisher":{"@id":"https:\/\/www.aquafollie.it\/en\/#organization"},"potentialAction":[{"@type":"SearchAction","target":{"@type":"EntryPoint","urlTemplate":"https:\/\/www.aquafollie.it\/en\/?s={search_term_string}"},"query-input":{"@type":"PropertyValueSpecification","valueRequired":true,"valueName":"search_term_string"}}],"inLanguage":"pl-PL"},{"@type":"Organization","@id":"https:\/\/www.aquafollie.it\/en\/#organization","name":"Aquafollie","url":"https:\/\/www.aquafollie.it\/en\/","logo":{"@type":"ImageObject","inLanguage":"pl-PL","@id":"https:\/\/www.aquafollie.it\/en\/#\/schema\/logo\/image\/","url":"https:\/\/www.aquafollie.it\/wp-content\/uploads\/2025\/03\/aquafollie-logo.svg","contentUrl":"https:\/\/www.aquafollie.it\/wp-content\/uploads\/2025\/03\/aquafollie-logo.svg","width":244,"height":67,"caption":"Aquafollie"},"image":{"@id":"https:\/\/www.aquafollie.it\/en\/#\/schema\/logo\/image\/"}}]}},"_links":{"self":[{"href":"https:\/\/www.aquafollie.it\/pl\/wp-json\/wp\/v2\/pages\/4508","targetHints":{"allow":["GET"]}}],"collection":[{"href":"https:\/\/www.aquafollie.it\/pl\/wp-json\/wp\/v2\/pages"}],"about":[{"href":"https:\/\/www.aquafollie.it\/pl\/wp-json\/wp\/v2\/types\/page"}],"author":[{"embeddable":true,"href":"https:\/\/www.aquafollie.it\/pl\/wp-json\/wp\/v2\/users\/1"}],"replies":[{"embeddable":true,"href":"https:\/\/www.aquafollie.it\/pl\/wp-json\/wp\/v2\/comments?post=4508"}],"version-history":[{"count":1,"href":"https:\/\/www.aquafollie.it\/pl\/wp-json\/wp\/v2\/pages\/4508\/revisions"}],"predecessor-version":[{"id":4513,"href":"https:\/\/www.aquafollie.it\/pl\/wp-json\/wp\/v2\/pages\/4508\/revisions\/4513"}],"wp:attachment":[{"href":"https:\/\/www.aquafollie.it\/pl\/wp-json\/wp\/v2\/media?parent=4508"}],"curies":[{"name":"wp","href":"https:\/\/api.w.org\/{rel}","templated":true}]}}