{"id":4861,"date":"2025-03-28T07:08:31","date_gmt":"2025-03-28T06:08:31","guid":{"rendered":"https:\/\/www.aquafollie.it\/szuletesnapi-promocio\/"},"modified":"2026-04-14T17:07:23","modified_gmt":"2026-04-14T15:07:23","slug":"szuletesnapi-promocio","status":"publish","type":"page","link":"https:\/\/www.aquafollie.it\/hu\/szuletesnapi-promocio\/","title":{"rendered":"Sz\u00fclet\u00e9snapi prom\u00f3ci\u00f3"},"content":{"rendered":"<div class=\"wpb-content-wrapper\">[vc_row full_width=&#8221;stretch_row_content&#8221; el_class=&#8221;birthday-section ptd170 ptm110 pbd50 pbm50&#8243; css=&#8221;.vc_custom_1743074577251{padding-right: 45px !important;padding-left: 45px !important;}&#8221;][vc_column width=&#8221;3\/5&#8243; css=&#8221;.vc_custom_1743055678303{padding-right: 80px !important;}&#8221; el_class=&#8221;complenno-special-right&#8221;]<style>.vcex-heading.vcex_69ece90cc4207{color:var(--wpex-on-accent);font-size:55px;font-family:Grandstander;line-height:1.2;margin-block-start:0px;}@media (max-width:959px){.vcex-heading.vcex_69ece90cc4207{font-size:35px;}}<\/style><h2 class=\"vcex-heading vcex-heading-plain vcex-module wpex-h1 wpex-text-left  wpb_animate_when_almost_visible wpb_fadeInLeft fadeInLeft mbd30 mbm10 banner-heading vcex_69ece90cc4207\"><span class=\"vcex-heading-inner wpex-inline-block\">SZ\u00dcLET\u00c9SNAPI K\u00dcL\u00d6NLEGESS\u00c9G \u2013 \u00dcNNEPELJ VEL\u00dcNK!<\/span><\/h2>[vc_column_text css_animation=&#8221;fadeInLeft&#8221; css=&#8221;&#8221; color=&#8221;accent-alt&#8221; font_size=&#8221;d:20|tp:18&#8243; font_family=&#8221;Nunito&#8221; line_height=&#8221;1.5&#8243;]A nyitvatart\u00e1si szezonban van a sz\u00fclet\u00e9snapod? Akkor itt az ideje, hogy elf\u00fajd a gyerty\u00e1kat\u2026 a hull\u00e1mok, a cs\u00faszd\u00e1k \u00e9s a nevet\u00e9s k\u00f6zepette! <\/p>\n<p class=\"mbd5\">\u00cdme, mit tal\u00e1ltunk ki neked:<\/p>\n<ul>\n<li><strong>Az \u00fcnnepelt INGYEN l\u00e9phet be!<\/strong>  (Csak hozz magaddal egy sz\u00fclet\u00e9si d\u00e1tumot igazol\u00f3 okm\u00e1nyt)<\/li>\n<li><strong>H\u00e1rom speci\u00e1lis men\u00fc<\/strong> kedvezm\u00e9nyes \u00e1ron neked \u00e9s a bar\u00e1taidnak<\/li>\n<li><strong>Hozol tort\u00e1t?<\/strong>  Mi h\u0171v\u00f6sen tartjuk neked! (A HACCP-el\u0151\u00edr\u00e1sok betart\u00e1sa \u00e9rdek\u00e9ben csak cukr\u00e1szd\u00e1b\u00f3l sz\u00e1rmaz\u00f3 tort\u00e1t fogadunk el) <\/li>\n<li><strong>Fizess k\u00f6zvetlen\u00fcl a p\u00e9nzt\u00e1rakn\u00e1l,<\/strong> el\u0151leg n\u00e9lk\u00fcl<\/li>\n<li><strong>Foglalj legal\u00e1bb 2 nappal el\u0151re,<\/strong> \u00e9s k\u00e9sz\u00fclj fel egy felejthetetlen napra!<\/li>\n<\/ul>\n<p>Legal\u00e1bb <strong>20 f\u0151s fizet\u0151 csoporttal<\/strong> \u00e9rkezel? Minden megh\u00edvottad szuper kedvezm\u00e9nyes \u00e1ron l\u00e9phet be: <strong>csak 20 \u20ac szem\u00e9lyenk\u00e9nt!<\/strong> Kisebb csoport eset\u00e9n a norm\u00e1l d\u00edjszab\u00e1s \u00e9rv\u00e9nyes.<\/p>\n<p>Sz\u00f3val\u2026 k\u00e9szen \u00e1llsz elf\u00fajni a gyerty\u00e1kat Fufival?[\/vc_column_text][\/vc_column][vc_column width=&#8221;2\/5&#8243; el_class=&#8221;ptd10 complenno-special-right&#8221;]<style>.vcex-image.vcex_69ece90cc4c3e .vcex-image-img{object-position:center center;}<\/style><figure class=\"vcex-image vcex-module wpex-text-center  wpb_animate_when_almost_visible wpb_fadeInUp fadeInUp compleanno-img vcex_69ece90cc4c3e\"><div class=\"vcex-image-inner wpex-relative wpex-inline-block\"><img width=\"432\" height=\"430\" src=\"https:\/\/www.aquafollie.it\/wp-content\/uploads\/2025\/03\/COMPLEANNO.png\" class=\"vcex-image-img wpex-align-middle\" alt=\"Mamma e figlie sorridono insieme.\" loading=\"lazy\" decoding=\"async\" srcset=\"https:\/\/www.aquafollie.it\/wp-content\/uploads\/2025\/03\/COMPLEANNO.png 432w, https:\/\/www.aquafollie.it\/wp-content\/uploads\/2025\/03\/COMPLEANNO-300x300.png 300w, https:\/\/www.aquafollie.it\/wp-content\/uploads\/2025\/03\/COMPLEANNO-150x150.png 150w\" sizes=\"auto, (max-width: 432px) 100vw, 432px\" \/><\/div><\/figure><style>.vcex-image.vcex_69ece90cc59f1{animation-delay:0.2s;}<\/style><figure class=\"vcex-image vcex-module wpex-text-center  wpb_animate_when_almost_visible wpb_rotateInDownLeft rotateInDownLeft compleanno-water-img vcex_69ece90cc59f1\"><div class=\"vcex-image-inner wpex-relative wpex-inline-block\"><img width=\"9999\" height=\"409\" src=\"https:\/\/www.aquafollie.it\/wp-content\/uploads\/2025\/03\/gocciolona_gialla.svg\" class=\"vcex-image-img wpex-align-middle\" alt=\"\" loading=\"lazy\" decoding=\"async\" \/><\/div><\/figure>[\/vc_column][\/vc_row][vc_row el_class=&#8221;ptd40 pbd60 ptm20 pbm20&#8243;][vc_column]\n<div class=\"wpcf7 no-js\" id=\"wpcf7-f4937-o1\" lang=\"hu-HU\" dir=\"ltr\" data-wpcf7-id=\"4937\">\n<div class=\"screen-reader-response\"><p role=\"status\" aria-live=\"polite\" aria-atomic=\"true\"><\/p> <ul><\/ul><\/div>\n<form action=\"\/hu\/wp-json\/wp\/v2\/pages\/4861#wpcf7-f4937-o1\" method=\"post\" class=\"wpcf7-form init\" aria-label=\"Kapcsolatfelv\u00e9teli \u0171rlap\" novalidate=\"novalidate\" data-status=\"init\">\n<fieldset class=\"hidden-fields-container\"><input type=\"hidden\" name=\"_wpcf7\" value=\"4937\" \/><input type=\"hidden\" name=\"_wpcf7_version\" value=\"6.1.5\" \/><input type=\"hidden\" name=\"_wpcf7_locale\" value=\"hu_HU\" \/><input type=\"hidden\" name=\"_wpcf7_unit_tag\" value=\"wpcf7-f4937-o1\" \/><input type=\"hidden\" name=\"_wpcf7_container_post\" value=\"0\" \/><input type=\"hidden\" name=\"_wpcf7_posted_data_hash\" value=\"\" \/><input type=\"hidden\" name=\"_wpcf7_recaptcha_response\" value=\"\" \/>\n<\/fieldset>\n<div class=\"birthday-form\">\n\t<div class=\"form-row\">\n\t\t<div class=\"form-column\">\n\t\t\t<p><label class=\"label\" for=\"nome-festeggiato\">\u00dcnnepelt neve *<\/label><br \/>\n<span class=\"wpcf7-form-control-wrap\" data-name=\"nome-festeggiato\"><input size=\"40\" maxlength=\"400\" class=\"wpcf7-form-control wpcf7-text wpcf7-validates-as-required input-field\" id=\"nome-festeggiato\" aria-required=\"true\" aria-invalid=\"false\" placeholder=\"\u00dcnnepelt neve\" value=\"\" type=\"text\" name=\"nome-festeggiato\" \/><\/span>\n\t\t\t<\/p>\n\t\t<\/div>\n\t\t<div class=\"form-column\">\n\t\t\t<p><label class=\"label\" for=\"data-compleanno\">Sz\u00fclet\u00e9snap d\u00e1tuma *<\/label><br \/>\n<span class=\"wpcf7-form-control-wrap\" data-name=\"data-compleanno\"><input class=\"wpcf7-form-control wpcf7-date wpcf7-validates-as-required wpcf7-validates-as-date input-field\" id=\"data-compleanno\" aria-required=\"true\" aria-invalid=\"false\" placeholder=\"\u00c9\u00c9\u00c9\u00c9.MM.NN.\" value=\"\" type=\"date\" name=\"data-compleanno\" \/><\/span>\n\t\t\t<\/p>\n\t\t<\/div>\n\t\t<div class=\"form-column\">\n\t\t\t<p><label class=\"label\" for=\"nome-riferimento\">Kapcsolattart\u00f3 szem\u00e9ly vezet\u00e9k- \u00e9s keresztneve *<\/label><br \/>\n<span class=\"wpcf7-form-control-wrap\" data-name=\"nome-riferimento\"><input size=\"40\" maxlength=\"400\" class=\"wpcf7-form-control wpcf7-text wpcf7-validates-as-required input-field\" id=\"nome-riferimento\" aria-required=\"true\" aria-invalid=\"false\" placeholder=\"Vezet\u00e9kn\u00e9v \u00e9s keresztn\u00e9v\" value=\"\" type=\"text\" name=\"nome-riferimento\" \/><\/span>\n\t\t\t<\/p>\n\t\t<\/div>\n\t\t<div class=\"form-column\">\n\t\t\t<p><label class=\"label\" for=\"email\">Email *<\/label><br \/>\n<span class=\"wpcf7-form-control-wrap\" data-name=\"email\"><input size=\"40\" maxlength=\"400\" class=\"wpcf7-form-control wpcf7-email wpcf7-validates-as-required wpcf7-text wpcf7-validates-as-email input-field\" id=\"email\" aria-required=\"true\" aria-invalid=\"false\" placeholder=\"Email\" value=\"\" type=\"email\" name=\"email\" \/><\/span>\n\t\t\t<\/p>\n\t\t<\/div>\n\t\t<div class=\"form-column\">\n\t\t\t<p><label class=\"label\" for=\"numero-partecipanti\">R\u00e9sztvev\u0151k sz\u00e1ma<\/label><br \/>\n<span class=\"wpcf7-form-control-wrap\" data-name=\"numero-partecipanti\"><input class=\"wpcf7-form-control wpcf7-number wpcf7-validates-as-number input-field\" id=\"numero-partecipanti\" aria-invalid=\"false\" placeholder=\"R\u00e9sztvev\u0151k sz\u00e1ma\" value=\"\" type=\"number\" name=\"numero-partecipanti\" \/><\/span>\n\t\t\t<\/p>\n\t\t<\/div>\n\t<\/div>\n\t<div class=\"form-row birthday-menu ptd50 ptm20 pbd50 pbm20\">\n\t\t<div class=\"form-column\">\n\t\t\t<h5 class=\"label\">HAPPY men\u00fc 9,50 \u20ac\n\t\t\t<\/h5>\n\t\t\t<p>Szelet pizza + s\u00fclt krumpli + \u00fcd\u00edt\u0151 + j\u00e9gkr\u00e9m\n\t\t\t<\/p>\n\t\t<\/div>\n\t\t<div class=\"form-column\">\n\t\t\t<p><label class=\"label\" for=\"quantita-happy\">Mennyis\u00e9g<\/label><br \/>\n<span class=\"wpcf7-form-control-wrap\" data-name=\"quantita-happy\"><input class=\"wpcf7-form-control wpcf7-number wpcf7-validates-as-number input-field\" id=\"quantita-happy\" aria-invalid=\"false\" placeholder=\"db\" value=\"\" type=\"number\" name=\"quantita-happy\" \/><\/span>\n\t\t\t<\/p>\n\t\t<\/div>\n\t\t<div class=\"form-column\">\n\t\t\t<h5 class=\"label\">SPECIAL men\u00fc 10,50 \u20ac\n\t\t\t<\/h5>\n\t\t\t<p>Cheeseburger + s\u00fclt krumpli + \u00fcd\u00edt\u0151 + Sundae fagylalt\n\t\t\t<\/p>\n\t\t<\/div>\n\t\t<div class=\"form-column\">\n\t\t\t<p><label class=\"label\" for=\"quantita-special\">Mennyis\u00e9g<\/label><br \/>\n<span class=\"wpcf7-form-control-wrap\" data-name=\"quantita-special\"><input class=\"wpcf7-form-control wpcf7-number wpcf7-validates-as-number input-field\" id=\"quantita-special\" aria-invalid=\"false\" placeholder=\"db\" value=\"\" type=\"number\" name=\"quantita-special\" \/><\/span>\n\t\t\t<\/p>\n\t\t<\/div>\n\t\t<div class=\"form-column\">\n\t\t\t<h5 class=\"label\">PREMIUM men\u00fc 13,50 \u20ac\n\t\t\t<\/h5>\n\t\t\t<p>Dupla cheeseburger + s\u00fclt krumpli + \u00fcd\u00edt\u0151 + Sundae fagylalt\n\t\t\t<\/p>\n\t\t<\/div>\n\t\t<div class=\"form-column\">\n\t\t\t<p><label class=\"label\" for=\"quantita-premium\">Mennyis\u00e9g<\/label><br \/>\n<span class=\"wpcf7-form-control-wrap\" data-name=\"quantita-premium\"><input class=\"wpcf7-form-control wpcf7-number wpcf7-validates-as-number input-field\" id=\"quantita-premium\" aria-invalid=\"false\" placeholder=\"db\" value=\"\" type=\"number\" name=\"quantita-premium\" \/><\/span>\n\t\t\t<\/p>\n\t\t<\/div>\n\t<\/div>\n\t<div class=\"form-row birthday-radio\">\n\t\t<div class=\"form-column\">\n\t\t\t<h4 class=\"label\">Szeretn\u00e9l fenntartott asztalt?\n\t\t\t<\/h4>\n\t\t\t<div class=\"radio-group mbd15 mbm15\">\n\t\t\t\t<p><span class=\"custom-radio\"><br \/>\n<span class=\"wpcf7-form-control-wrap\" data-name=\"tavolo-riservato\"><span class=\"wpcf7-form-control wpcf7-radio\"><span class=\"wpcf7-list-item first\"><label><input type=\"radio\" name=\"tavolo-riservato\" value=\"Igen\" \/><span class=\"wpcf7-list-item-label\">Igen<\/span><\/label><\/span><span class=\"wpcf7-list-item last\"><label><input type=\"radio\" name=\"tavolo-riservato\" value=\"Nem\" \/><span class=\"wpcf7-list-item-label\">Nem<\/span><\/label><\/span><\/span><\/span><br \/>\n<\/span>\n\t\t\t\t<\/p>\n\t\t\t<\/div>\n\t\t\t<p><br \/>\nHa lefoglaltad a k\u00fcl\u00f6nleges men\u00fcket, k\u00e9rhetsz fenntartott asztalt eg\u00e9sz napra, fel\u00e1r n\u00e9lk\u00fcl.\n\t\t\t<\/p>\n\t\t<\/div>\n\t<\/div>\n\t<div class=\"vc_row\">\n\t\t<div class=\"vc_col-sm-7 color\">\n\t\t\t<p><span class=\"wpcf7-form-control-wrap\" data-name=\"privacy\"><span class=\"wpcf7-form-control wpcf7-acceptance\"><span class=\"wpcf7-list-item\"><label><input type=\"checkbox\" name=\"privacy\" value=\"1\" aria-invalid=\"false\" \/><span class=\"wpcf7-list-item-label\">Elfogadom az <a href=\"https:\/\/www.aquafollie.it\/privacy-e-cookie-policy\/\">adatv\u00e9delmi nyilatkozatban<\/a> foglalt felt\u00e9teleket<\/span><\/label><\/span><\/span><\/span>\n\t\t\t<\/p>\n\t\t<\/div>\n\t\t<div class=\"vc_col-sm-5 form-submit\">\n\t\t\t<p><input class=\"wpcf7-form-control wpcf7-submit has-spinner\" type=\"submit\" value=\"K\u00dcLD\u00c9S\" \/>\n\t\t\t<\/p>\n\t\t<\/div>\n\t<\/div>\n<\/div><input type='hidden' class='wpcf7-pum' value='{\"closepopup\":false,\"closedelay\":0,\"openpopup\":false,\"openpopup_id\":0}' \/><div class=\"wpcf7-response-output\" aria-hidden=\"true\"><\/div>\n<\/form>\n<\/div>\n[\/vc_column][\/vc_row]\n<\/div>","protected":false},"excerpt":{"rendered":"<p>[vc_row full_width=&#8221;stretch_row_content&#8221; el_class=&#8221;birthday-section ptd170 ptm110 pbd50 pbm50&#8243; css=&#8221;.vc_custom_1743074577251{padding-right: 45px !important;padding-left: 45px !important;}&#8221;][vc_column width=&#8221;3\/5&#8243; css=&#8221;.vc_custom_1743055678303{padding-right: 80px !important;}&#8221; el_class=&#8221;complenno-special-right&#8221;][vc_column_text css_animation=&#8221;fadeInLeft&#8221; css=&#8221;&#8221; color=&#8221;accent-alt&#8221; font_size=&#8221;d:20|tp:18&#8243; font_family=&#8221;Nunito&#8221; line_height=&#8221;1.5&#8243;]A nyitvatart\u00e1si szezonban van a sz\u00fclet\u00e9snapod? Akkor itt az ideje, hogy elf\u00fajd a gyerty\u00e1kat\u2026 a hull\u00e1mok, a cs\u00faszd\u00e1k \u00e9s a nevet\u00e9s k\u00f6zepette! \u00cdme, mit tal\u00e1ltunk ki neked: Az \u00fcnnepelt INGYEN l\u00e9phet be! (Csak&hellip;<\/p>\n","protected":false},"author":1,"featured_media":0,"parent":0,"menu_order":0,"comment_status":"closed","ping_status":"closed","template":"","meta":{"_acf_changed":false,"inline_featured_image":false,"footnotes":""},"class_list":["post-4861","page","type-page","status-publish","hentry","entry","no-media"],"acf":[],"yoast_head":"<!-- This site is optimized with the Yoast SEO plugin v27.1.1 - https:\/\/yoast.com\/product\/yoast-seo-wordpress\/ -->\n<title>Sz\u00fclet\u00e9snapi prom\u00f3ci\u00f3 - Aquafollie<\/title>\n<meta name=\"description\" content=\"\u00dcnnepeld a sz\u00fclet\u00e9snapodat a caorlei Aquafollie-ban! Ingyenes bel\u00e9p\u0151 \u00e9s egy felejthetetlen nap v\u00e1r r\u00e1d a cs\u00faszd\u00e1k, a bar\u00e1tok \u00e9s a meglepet\u00e9sek k\u00f6z\u00f6tt.\" \/>\n<meta name=\"robots\" content=\"index, follow, max-snippet:-1, max-image-preview:large, max-video-preview:-1\" \/>\n<link rel=\"canonical\" href=\"https:\/\/www.aquafollie.it\/hu\/szuletesnapi-promocio\/\" \/>\n<meta property=\"og:locale\" content=\"hu_HU\" \/>\n<meta property=\"og:type\" content=\"article\" \/>\n<meta property=\"og:title\" content=\"Sz\u00fclet\u00e9snapi prom\u00f3ci\u00f3 - Aquafollie\" \/>\n<meta property=\"og:description\" content=\"\u00dcnnepeld a sz\u00fclet\u00e9snapodat a caorlei Aquafollie-ban! Ingyenes bel\u00e9p\u0151 \u00e9s egy felejthetetlen nap v\u00e1r r\u00e1d a cs\u00faszd\u00e1k, a bar\u00e1tok \u00e9s a meglepet\u00e9sek k\u00f6z\u00f6tt.\" \/>\n<meta property=\"og:url\" content=\"https:\/\/www.aquafollie.it\/hu\/szuletesnapi-promocio\/\" \/>\n<meta property=\"og:site_name\" content=\"Aquafollie\" \/>\n<meta property=\"article:modified_time\" content=\"2026-04-14T15:07:23+00:00\" \/>\n<meta name=\"twitter:card\" content=\"summary_large_image\" \/>\n<meta name=\"twitter:label1\" content=\"Becs\u00fclt olvas\u00e1si id\u0151\" \/>\n\t<meta name=\"twitter:data1\" content=\"2 perc\" \/>\n<script type=\"application\/ld+json\" class=\"yoast-schema-graph\">{\"@context\":\"https:\/\/schema.org\",\"@graph\":[{\"@type\":\"WebPage\",\"@id\":\"https:\/\/www.aquafollie.it\/hu\/szuletesnapi-promocio\/\",\"url\":\"https:\/\/www.aquafollie.it\/hu\/szuletesnapi-promocio\/\",\"name\":\"Sz\u00fclet\u00e9snapi prom\u00f3ci\u00f3 - Aquafollie\",\"isPartOf\":{\"@id\":\"https:\/\/www.aquafollie.it\/en\/#website\"},\"datePublished\":\"2025-03-28T06:08:31+00:00\",\"dateModified\":\"2026-04-14T15:07:23+00:00\",\"description\":\"\u00dcnnepeld a sz\u00fclet\u00e9snapodat a caorlei Aquafollie-ban! Ingyenes bel\u00e9p\u0151 \u00e9s egy felejthetetlen nap v\u00e1r r\u00e1d a cs\u00faszd\u00e1k, a bar\u00e1tok \u00e9s a meglepet\u00e9sek k\u00f6z\u00f6tt.\",\"breadcrumb\":{\"@id\":\"https:\/\/www.aquafollie.it\/hu\/szuletesnapi-promocio\/#breadcrumb\"},\"inLanguage\":\"hu\",\"potentialAction\":[{\"@type\":\"ReadAction\",\"target\":[\"https:\/\/www.aquafollie.it\/hu\/szuletesnapi-promocio\/\"]}]},{\"@type\":\"BreadcrumbList\",\"@id\":\"https:\/\/www.aquafollie.it\/hu\/szuletesnapi-promocio\/#breadcrumb\",\"itemListElement\":[{\"@type\":\"ListItem\",\"position\":1,\"name\":\"Home\",\"item\":\"https:\/\/www.aquafollie.it\/hu\/\"},{\"@type\":\"ListItem\",\"position\":2,\"name\":\"Sz\u00fclet\u00e9snapi prom\u00f3ci\u00f3\"}]},{\"@type\":\"WebSite\",\"@id\":\"https:\/\/www.aquafollie.it\/en\/#website\",\"url\":\"https:\/\/www.aquafollie.it\/en\/\",\"name\":\"Aquafollie\",\"description\":\"\",\"publisher\":{\"@id\":\"https:\/\/www.aquafollie.it\/en\/#organization\"},\"potentialAction\":[{\"@type\":\"SearchAction\",\"target\":{\"@type\":\"EntryPoint\",\"urlTemplate\":\"https:\/\/www.aquafollie.it\/en\/?s={search_term_string}\"},\"query-input\":{\"@type\":\"PropertyValueSpecification\",\"valueRequired\":true,\"valueName\":\"search_term_string\"}}],\"inLanguage\":\"hu\"},{\"@type\":\"Organization\",\"@id\":\"https:\/\/www.aquafollie.it\/en\/#organization\",\"name\":\"Aquafollie\",\"url\":\"https:\/\/www.aquafollie.it\/en\/\",\"logo\":{\"@type\":\"ImageObject\",\"inLanguage\":\"hu\",\"@id\":\"https:\/\/www.aquafollie.it\/en\/#\/schema\/logo\/image\/\",\"url\":\"https:\/\/www.aquafollie.it\/wp-content\/uploads\/2025\/03\/aquafollie-logo.svg\",\"contentUrl\":\"https:\/\/www.aquafollie.it\/wp-content\/uploads\/2025\/03\/aquafollie-logo.svg\",\"width\":244,\"height\":67,\"caption\":\"Aquafollie\"},\"image\":{\"@id\":\"https:\/\/www.aquafollie.it\/en\/#\/schema\/logo\/image\/\"}}]}<\/script>\n<!-- \/ Yoast SEO plugin. -->","yoast_head_json":{"title":"Sz\u00fclet\u00e9snapi prom\u00f3ci\u00f3 - Aquafollie","description":"\u00dcnnepeld a sz\u00fclet\u00e9snapodat a caorlei Aquafollie-ban! Ingyenes bel\u00e9p\u0151 \u00e9s egy felejthetetlen nap v\u00e1r r\u00e1d a cs\u00faszd\u00e1k, a bar\u00e1tok \u00e9s a meglepet\u00e9sek k\u00f6z\u00f6tt.","robots":{"index":"index","follow":"follow","max-snippet":"max-snippet:-1","max-image-preview":"max-image-preview:large","max-video-preview":"max-video-preview:-1"},"canonical":"https:\/\/www.aquafollie.it\/hu\/szuletesnapi-promocio\/","og_locale":"hu_HU","og_type":"article","og_title":"Sz\u00fclet\u00e9snapi prom\u00f3ci\u00f3 - Aquafollie","og_description":"\u00dcnnepeld a sz\u00fclet\u00e9snapodat a caorlei Aquafollie-ban! Ingyenes bel\u00e9p\u0151 \u00e9s egy felejthetetlen nap v\u00e1r r\u00e1d a cs\u00faszd\u00e1k, a bar\u00e1tok \u00e9s a meglepet\u00e9sek k\u00f6z\u00f6tt.","og_url":"https:\/\/www.aquafollie.it\/hu\/szuletesnapi-promocio\/","og_site_name":"Aquafollie","article_modified_time":"2026-04-14T15:07:23+00:00","twitter_card":"summary_large_image","twitter_misc":{"Becs\u00fclt olvas\u00e1si id\u0151":"2 perc"},"schema":{"@context":"https:\/\/schema.org","@graph":[{"@type":"WebPage","@id":"https:\/\/www.aquafollie.it\/hu\/szuletesnapi-promocio\/","url":"https:\/\/www.aquafollie.it\/hu\/szuletesnapi-promocio\/","name":"Sz\u00fclet\u00e9snapi prom\u00f3ci\u00f3 - Aquafollie","isPartOf":{"@id":"https:\/\/www.aquafollie.it\/en\/#website"},"datePublished":"2025-03-28T06:08:31+00:00","dateModified":"2026-04-14T15:07:23+00:00","description":"\u00dcnnepeld a sz\u00fclet\u00e9snapodat a caorlei Aquafollie-ban! Ingyenes bel\u00e9p\u0151 \u00e9s egy felejthetetlen nap v\u00e1r r\u00e1d a cs\u00faszd\u00e1k, a bar\u00e1tok \u00e9s a meglepet\u00e9sek k\u00f6z\u00f6tt.","breadcrumb":{"@id":"https:\/\/www.aquafollie.it\/hu\/szuletesnapi-promocio\/#breadcrumb"},"inLanguage":"hu","potentialAction":[{"@type":"ReadAction","target":["https:\/\/www.aquafollie.it\/hu\/szuletesnapi-promocio\/"]}]},{"@type":"BreadcrumbList","@id":"https:\/\/www.aquafollie.it\/hu\/szuletesnapi-promocio\/#breadcrumb","itemListElement":[{"@type":"ListItem","position":1,"name":"Home","item":"https:\/\/www.aquafollie.it\/hu\/"},{"@type":"ListItem","position":2,"name":"Sz\u00fclet\u00e9snapi prom\u00f3ci\u00f3"}]},{"@type":"WebSite","@id":"https:\/\/www.aquafollie.it\/en\/#website","url":"https:\/\/www.aquafollie.it\/en\/","name":"Aquafollie","description":"","publisher":{"@id":"https:\/\/www.aquafollie.it\/en\/#organization"},"potentialAction":[{"@type":"SearchAction","target":{"@type":"EntryPoint","urlTemplate":"https:\/\/www.aquafollie.it\/en\/?s={search_term_string}"},"query-input":{"@type":"PropertyValueSpecification","valueRequired":true,"valueName":"search_term_string"}}],"inLanguage":"hu"},{"@type":"Organization","@id":"https:\/\/www.aquafollie.it\/en\/#organization","name":"Aquafollie","url":"https:\/\/www.aquafollie.it\/en\/","logo":{"@type":"ImageObject","inLanguage":"hu","@id":"https:\/\/www.aquafollie.it\/en\/#\/schema\/logo\/image\/","url":"https:\/\/www.aquafollie.it\/wp-content\/uploads\/2025\/03\/aquafollie-logo.svg","contentUrl":"https:\/\/www.aquafollie.it\/wp-content\/uploads\/2025\/03\/aquafollie-logo.svg","width":244,"height":67,"caption":"Aquafollie"},"image":{"@id":"https:\/\/www.aquafollie.it\/en\/#\/schema\/logo\/image\/"}}]}},"_links":{"self":[{"href":"https:\/\/www.aquafollie.it\/hu\/wp-json\/wp\/v2\/pages\/4861","targetHints":{"allow":["GET"]}}],"collection":[{"href":"https:\/\/www.aquafollie.it\/hu\/wp-json\/wp\/v2\/pages"}],"about":[{"href":"https:\/\/www.aquafollie.it\/hu\/wp-json\/wp\/v2\/types\/page"}],"author":[{"embeddable":true,"href":"https:\/\/www.aquafollie.it\/hu\/wp-json\/wp\/v2\/users\/1"}],"replies":[{"embeddable":true,"href":"https:\/\/www.aquafollie.it\/hu\/wp-json\/wp\/v2\/comments?post=4861"}],"version-history":[{"count":2,"href":"https:\/\/www.aquafollie.it\/hu\/wp-json\/wp\/v2\/pages\/4861\/revisions"}],"predecessor-version":[{"id":4863,"href":"https:\/\/www.aquafollie.it\/hu\/wp-json\/wp\/v2\/pages\/4861\/revisions\/4863"}],"wp:attachment":[{"href":"https:\/\/www.aquafollie.it\/hu\/wp-json\/wp\/v2\/media?parent=4861"}],"curies":[{"name":"wp","href":"https:\/\/api.w.org\/{rel}","templated":true}]}}