{"id":4150,"date":"2025-03-28T07:08:31","date_gmt":"2025-03-28T06:08:31","guid":{"rendered":"https:\/\/www.aquafollie.it\/narozeninova-akce\/"},"modified":"2026-04-14T10:36:02","modified_gmt":"2026-04-14T08:36:02","slug":"narozeninova-akce","status":"publish","type":"page","link":"https:\/\/www.aquafollie.it\/cs\/narozeninova-akce\/","title":{"rendered":"Narozeninov\u00e1 akce"},"content":{"rendered":"<div class=\"wpb-content-wrapper\">[vc_row full_width=&#8221;stretch_row_content&#8221; el_class=&#8221;birthday-section ptd170 ptm110 pbd50 pbm50&#8243; css=&#8221;.vc_custom_1743074577251{padding-right: 45px !important;padding-left: 45px !important;}&#8221;][vc_column width=&#8221;3\/5&#8243; css=&#8221;.vc_custom_1743055678303{padding-right: 80px !important;}&#8221; el_class=&#8221;complenno-special-right&#8221;]<style>.vcex-heading.vcex_69ece86064c4c{color:var(--wpex-on-accent);font-size:55px;font-family:Grandstander;line-height:1.2;margin-block-start:0px;}@media (max-width:959px){.vcex-heading.vcex_69ece86064c4c{font-size:35px;}}<\/style><h2 class=\"vcex-heading vcex-heading-plain vcex-module wpex-h1 wpex-text-left  wpb_animate_when_almost_visible wpb_fadeInLeft fadeInLeft mbd30 mbm10 banner-heading vcex_69ece86064c4c\"><span class=\"vcex-heading-inner wpex-inline-block\">SPECI\u00c1LN\u00cd NAROZENINY OSLAV S N\u00c1MI!<\/span><\/h2>[vc_column_text css_animation=&#8221;fadeInLeft&#8221; css=&#8221;&#8221; color=&#8221;accent-alt&#8221; font_size=&#8221;d:20|tp:18&#8243; font_family=&#8221;Nunito&#8221; line_height=&#8221;1.5&#8243;]M\u00e1\u0161 narozeniny b\u011bhem sez\u00f3ny? Pak je \u010das sfouknout sv\u00ed\u010dky\u2026 mezi vlnami, skluzavkami a sm\u00edchem! <\/p>\n<p class=\"mbd5\">Tady je, co jsme pro tebe p\u0159ipravili:<\/p>\n<ul>\n<li><strong>Oslavenec vstupuje ZDARMA!<\/strong>  (Sta\u010d\u00ed p\u0159in\u00e9st doklad s datem narozen\u00ed)<\/li>\n<li><strong>T\u0159i speci\u00e1ln\u00ed menu<\/strong> za v\u00fdhodnou cenu pro tebe a tv\u00e9 p\u0159\u00e1tele<\/li>\n<li><strong>P\u0159inese\u0161 dort?<\/strong>  My ti ho uchov\u00e1me v chladu! (Pouze dorty z cukr\u00e1rny, v souladu s normami HACCP) <\/li>\n<li><strong>Plat\u00ed\u0161 p\u0159\u00edmo na pokladn\u011b,<\/strong> bez z\u00e1lohy<\/li>\n<li><strong>Rezervuj si a\u017e 2 dny p\u0159edem<\/strong> a p\u0159iprav se na nezapomenuteln\u00fd den!<\/li>\n<\/ul>\n<p>M\u00e1\u0161 skupinu alespo\u0148 <strong>20 plat\u00edc\u00edch osob?<\/strong> V\u0161ichni tvoji host\u00e9 budou moci vstoupit za super speci\u00e1ln\u00ed cenu: <strong>pouze 20 \u20ac na osobu!<\/strong> Pokud je skupina men\u0161\u00ed, plat\u00ed standardn\u00ed ceny.<\/p>\n<p>Tak\u017ee\u2026 jste p\u0159ipraveni sfouknout sv\u00ed\u010dky s Fufim?[\/vc_column_text][\/vc_column][vc_column width=&#8221;2\/5&#8243; el_class=&#8221;ptd10 complenno-special-right&#8221;]<style>.vcex-image.vcex_69ece86066170 .vcex-image-img{object-position:center center;}<\/style><figure class=\"vcex-image vcex-module wpex-text-center  wpb_animate_when_almost_visible wpb_fadeInUp fadeInUp compleanno-img vcex_69ece86066170\"><div class=\"vcex-image-inner wpex-relative wpex-inline-block\"><img width=\"432\" height=\"430\" src=\"https:\/\/www.aquafollie.it\/wp-content\/uploads\/2025\/03\/COMPLEANNO.png\" class=\"vcex-image-img wpex-align-middle\" alt=\"Mamma e figlie sorridono insieme.\" loading=\"lazy\" decoding=\"async\" srcset=\"https:\/\/www.aquafollie.it\/wp-content\/uploads\/2025\/03\/COMPLEANNO.png 432w, https:\/\/www.aquafollie.it\/wp-content\/uploads\/2025\/03\/COMPLEANNO-300x300.png 300w, https:\/\/www.aquafollie.it\/wp-content\/uploads\/2025\/03\/COMPLEANNO-150x150.png 150w\" sizes=\"auto, (max-width: 432px) 100vw, 432px\" \/><\/div><\/figure><style>.vcex-image.vcex_69ece86067c81{animation-delay:0.2s;}<\/style><figure class=\"vcex-image vcex-module wpex-text-center  wpb_animate_when_almost_visible wpb_rotateInDownLeft rotateInDownLeft compleanno-water-img vcex_69ece86067c81\"><div class=\"vcex-image-inner wpex-relative wpex-inline-block\"><img width=\"9999\" height=\"409\" src=\"https:\/\/www.aquafollie.it\/wp-content\/uploads\/2025\/03\/gocciolona_gialla.svg\" class=\"vcex-image-img wpex-align-middle\" alt=\"\" loading=\"lazy\" decoding=\"async\" \/><\/div><\/figure>[\/vc_column][\/vc_row][vc_row el_class=&#8221;ptd40 pbd60 ptm20 pbm20&#8243;][vc_column]\n<div class=\"wpcf7 no-js\" id=\"wpcf7-f1583-o1\" lang=\"it-IT\" dir=\"ltr\" data-wpcf7-id=\"1583\">\n<div class=\"screen-reader-response\"><p role=\"status\" aria-live=\"polite\" aria-atomic=\"true\"><\/p> <ul><\/ul><\/div>\n<form action=\"\/cs\/wp-json\/wp\/v2\/pages\/4150#wpcf7-f1583-o1\" method=\"post\" class=\"wpcf7-form init\" aria-label=\"Modulo di contatto\" novalidate=\"novalidate\" data-status=\"init\">\n<fieldset class=\"hidden-fields-container\"><input type=\"hidden\" name=\"_wpcf7\" value=\"1583\" \/><input type=\"hidden\" name=\"_wpcf7_version\" value=\"6.1.5\" \/><input type=\"hidden\" name=\"_wpcf7_locale\" value=\"it_IT\" \/><input type=\"hidden\" name=\"_wpcf7_unit_tag\" value=\"wpcf7-f1583-o1\" \/><input type=\"hidden\" name=\"_wpcf7_container_post\" value=\"0\" \/><input type=\"hidden\" name=\"_wpcf7_posted_data_hash\" value=\"\" \/><input type=\"hidden\" name=\"_wpcf7_recaptcha_response\" value=\"\" \/>\n<\/fieldset>\n<div class=\"birthday-form\">\n\t<div class=\"form-row\">\n\t\t<div class=\"form-column\">\n\t\t\t<p><label class=\"label\" for=\"nome-festeggiato\">Nome festeggiato\/a *<\/label><br \/>\n<span class=\"wpcf7-form-control-wrap\" data-name=\"nome-festeggiato\"><input size=\"40\" maxlength=\"400\" class=\"wpcf7-form-control wpcf7-text wpcf7-validates-as-required input-field\" id=\"nome-festeggiato\" aria-required=\"true\" aria-invalid=\"false\" placeholder=\"Nome festeggiato\/a\" value=\"\" type=\"text\" name=\"nome-festeggiato\" \/><\/span>\n\t\t\t<\/p>\n\t\t<\/div>\n\t\t<div class=\"form-column\">\n\t\t\t<p><label class=\"label\" for=\"data-compleanno\">Data del compleanno *<\/label><br \/>\n<span class=\"wpcf7-form-control-wrap\" data-name=\"data-compleanno\"><input class=\"wpcf7-form-control wpcf7-date wpcf7-validates-as-required wpcf7-validates-as-date input-field\" id=\"data-compleanno\" aria-required=\"true\" aria-invalid=\"false\" placeholder=\"GG\/MM\/AA\" value=\"\" type=\"date\" name=\"data-compleanno\" \/><\/span>\n\t\t\t<\/p>\n\t\t<\/div>\n\t\t<div class=\"form-column\">\n\t\t\t<p><label class=\"label\" for=\"nome-riferimento\">Nome e Cognome della persona di riferimento *<\/label><br \/>\n<span class=\"wpcf7-form-control-wrap\" data-name=\"nome-riferimento\"><input size=\"40\" maxlength=\"400\" class=\"wpcf7-form-control wpcf7-text wpcf7-validates-as-required input-field\" id=\"nome-riferimento\" aria-required=\"true\" aria-invalid=\"false\" placeholder=\"Nome e Cognome\" value=\"\" type=\"text\" name=\"nome-riferimento\" \/><\/span>\n\t\t\t<\/p>\n\t\t<\/div>\n\t\t<div class=\"form-column\">\n\t\t\t<p><label class=\"label\" for=\"email\">Email *<\/label><br \/>\n<span class=\"wpcf7-form-control-wrap\" data-name=\"email\"><input size=\"40\" maxlength=\"400\" class=\"wpcf7-form-control wpcf7-email wpcf7-validates-as-required wpcf7-text wpcf7-validates-as-email input-field\" id=\"email\" aria-required=\"true\" aria-invalid=\"false\" placeholder=\"Email\" value=\"\" type=\"email\" name=\"email\" \/><\/span>\n\t\t\t<\/p>\n\t\t<\/div>\n\t\t<div class=\"form-column\">\n\t\t\t<p><label class=\"label\" for=\"numero-partecipanti\">Numero partecipanti<\/label><br \/>\n<span class=\"wpcf7-form-control-wrap\" data-name=\"numero-partecipanti\"><input class=\"wpcf7-form-control wpcf7-number wpcf7-validates-as-number input-field\" id=\"numero-partecipanti\" aria-invalid=\"false\" placeholder=\"Numero partecipanti\" value=\"\" type=\"number\" name=\"numero-partecipanti\" \/><\/span>\n\t\t\t<\/p>\n\t\t<\/div>\n\t<\/div>\n\t<div class=\"form-row birthday-menu ptd50 ptm20 pbd50 pbm20\">\n\t\t<div class=\"form-column\">\n\t\t\t<h5 class=\"label\">Men\u00f9 HAPPY 9,50\u20ac\n\t\t\t<\/h5>\n\t\t\t<p>Trancio di pizza + patatine + bibita + ghiacciolo\n\t\t\t<\/p>\n\t\t<\/div>\n\t\t<div class=\"form-column\">\n\t\t\t<p><label class=\"label\" for=\"quantita-happy\">Quantit\u00e0<\/label><br \/>\n<span class=\"wpcf7-form-control-wrap\" data-name=\"quantita-happy\"><input class=\"wpcf7-form-control wpcf7-number wpcf7-validates-as-number input-field\" id=\"quantita-happy\" aria-invalid=\"false\" placeholder=\"N\u00b0\" value=\"\" type=\"number\" name=\"quantita-happy\" \/><\/span>\n\t\t\t<\/p>\n\t\t<\/div>\n\t\t<div class=\"form-column\">\n\t\t\t<h5 class=\"label\">Men\u00f9 SPECIAL 10,50\u20ac\n\t\t\t<\/h5>\n\t\t\t<p>Cheeseburger + patatine + bibita + gelato Sundae\n\t\t\t<\/p>\n\t\t<\/div>\n\t\t<div class=\"form-column\">\n\t\t\t<p><label class=\"label\" for=\"quantita-special\">Quantit\u00e0<\/label><br \/>\n<span class=\"wpcf7-form-control-wrap\" data-name=\"quantita-special\"><input class=\"wpcf7-form-control wpcf7-number wpcf7-validates-as-number input-field\" id=\"quantita-special\" aria-invalid=\"false\" placeholder=\"N\u00b0\" value=\"\" type=\"number\" name=\"quantita-special\" \/><\/span>\n\t\t\t<\/p>\n\t\t<\/div>\n\t\t<div class=\"form-column\">\n\t\t\t<h5 class=\"label\">Men\u00f9 PREMIUM 13,50\u20ac\n\t\t\t<\/h5>\n\t\t\t<p>Doppio cheeseburger + patatine + bibita + gelato Sundae\n\t\t\t<\/p>\n\t\t<\/div>\n\t\t<div class=\"form-column\">\n\t\t\t<p><label class=\"label\" for=\"quantita-premium\">Quantit\u00e0<\/label><br \/>\n<span class=\"wpcf7-form-control-wrap\" data-name=\"quantita-premium\"><input class=\"wpcf7-form-control wpcf7-number wpcf7-validates-as-number input-field\" id=\"quantita-premium\" aria-invalid=\"false\" placeholder=\"N\u00b0\" value=\"\" type=\"number\" name=\"quantita-premium\" \/><\/span>\n\t\t\t<\/p>\n\t\t<\/div>\n\t<\/div>\n\t<div class=\"form-row birthday-radio\">\n\t\t<div class=\"form-column\">\n\t\t\t<h4 class=\"label\">Vuoi un tavolo riservato?\n\t\t\t<\/h4>\n\t\t\t<div class=\"radio-group mbd15 mbm15\">\n\t\t\t\t<p><span class=\"custom-radio\"><br \/>\n<span class=\"wpcf7-form-control-wrap\" data-name=\"tavolo-riservato\"><span class=\"wpcf7-form-control wpcf7-radio\"><span class=\"wpcf7-list-item first\"><label><input type=\"radio\" name=\"tavolo-riservato\" value=\"Si\" \/><span class=\"wpcf7-list-item-label\">Si<\/span><\/label><\/span><span class=\"wpcf7-list-item last\"><label><input type=\"radio\" name=\"tavolo-riservato\" value=\"No\" \/><span class=\"wpcf7-list-item-label\">No<\/span><\/label><\/span><\/span><\/span><br \/>\n<\/span>\n\t\t\t\t<\/p>\n\t\t\t<\/div>\n\t\t\t<p><br \/>\nSe hai prenotato i men\u00f9 dedicati, puoi chiedere di avere un tavolo riservato per tutto il giorno, senza costi aggiuntivi.\n\t\t\t<\/p>\n\t\t<\/div>\n\t<\/div>\n\t<div class=\"vc_row\">\n\t\t<div class=\"vc_col-sm-7 color\">\n\t\t\t<p><span class=\"wpcf7-form-control-wrap\" data-name=\"privacy\"><span class=\"wpcf7-form-control wpcf7-acceptance\"><span class=\"wpcf7-list-item\"><label><input type=\"checkbox\" name=\"privacy\" value=\"1\" aria-invalid=\"false\" \/><span class=\"wpcf7-list-item-label\">Accetto le condizioni indicate sulla <a href=\"https:\/\/www.aquafollie.it\/privacy-e-cookie-policy\/\">privacy policy<\/a><\/span><\/label><\/span><\/span><\/span>\n\t\t\t<\/p>\n\t\t<\/div>\n\t\t<div class=\"vc_col-sm-5 form-submit\">\n\t\t\t<p><input class=\"wpcf7-form-control wpcf7-submit has-spinner\" type=\"submit\" value=\"Invia\" \/>\n\t\t\t<\/p>\n\t\t<\/div>\n\t<\/div>\n<\/div><input type='hidden' class='wpcf7-pum' value='{\"closepopup\":false,\"closedelay\":0,\"openpopup\":false,\"openpopup_id\":0}' \/><div class=\"wpcf7-response-output\" aria-hidden=\"true\"><\/div>\n<\/form>\n<\/div>\n[\/vc_column][\/vc_row]\n<\/div>","protected":false},"excerpt":{"rendered":"<p>[vc_row full_width=&#8221;stretch_row_content&#8221; el_class=&#8221;birthday-section ptd170 ptm110 pbd50 pbm50&#8243; css=&#8221;.vc_custom_1743074577251{padding-right: 45px !important;padding-left: 45px !important;}&#8221;][vc_column width=&#8221;3\/5&#8243; css=&#8221;.vc_custom_1743055678303{padding-right: 80px !important;}&#8221; el_class=&#8221;complenno-special-right&#8221;][vc_column_text css_animation=&#8221;fadeInLeft&#8221; css=&#8221;&#8221; color=&#8221;accent-alt&#8221; font_size=&#8221;d:20|tp:18&#8243; font_family=&#8221;Nunito&#8221; line_height=&#8221;1.5&#8243;]M\u00e1\u0161 narozeniny b\u011bhem sez\u00f3ny? Pak je \u010das sfouknout sv\u00ed\u010dky\u2026 mezi vlnami, skluzavkami a sm\u00edchem! Tady je, co jsme pro tebe p\u0159ipravili: Oslavenec vstupuje ZDARMA! (Sta\u010d\u00ed p\u0159in\u00e9st doklad s datem narozen\u00ed) T\u0159i speci\u00e1ln\u00ed menu&hellip;<\/p>\n","protected":false},"author":1,"featured_media":0,"parent":0,"menu_order":0,"comment_status":"closed","ping_status":"closed","template":"","meta":{"_acf_changed":false,"inline_featured_image":false,"footnotes":""},"class_list":["post-4150","page","type-page","status-publish","hentry","entry","no-media"],"acf":[],"yoast_head":"<!-- This site is optimized with the Yoast SEO plugin v27.1.1 - https:\/\/yoast.com\/product\/yoast-seo-wordpress\/ -->\n<title>Narozeninov\u00e1 akce - Aquafollie<\/title>\n<meta name=\"description\" content=\"Oslav sv\u00e9 narozeniny v Aquafollie v Caorle! Vstupenka zdarma a nezapomenuteln\u00fd den pln\u00fd skluzavek, p\u0159\u00e1tel a p\u0159ekvapen\u00ed.\" \/>\n<meta name=\"robots\" content=\"index, follow, max-snippet:-1, max-image-preview:large, max-video-preview:-1\" \/>\n<link rel=\"canonical\" href=\"https:\/\/www.aquafollie.it\/cs\/narozeninova-akce\/\" \/>\n<meta property=\"og:locale\" content=\"cs_CZ\" \/>\n<meta property=\"og:type\" content=\"article\" \/>\n<meta property=\"og:title\" content=\"Narozeninov\u00e1 akce - Aquafollie\" \/>\n<meta property=\"og:description\" content=\"Oslav sv\u00e9 narozeniny v Aquafollie v Caorle! Vstupenka zdarma a nezapomenuteln\u00fd den pln\u00fd skluzavek, p\u0159\u00e1tel a p\u0159ekvapen\u00ed.\" \/>\n<meta property=\"og:url\" content=\"https:\/\/www.aquafollie.it\/cs\/narozeninova-akce\/\" \/>\n<meta property=\"og:site_name\" content=\"Aquafollie\" \/>\n<meta property=\"article:modified_time\" content=\"2026-04-14T08:36:02+00:00\" \/>\n<meta name=\"twitter:card\" content=\"summary_large_image\" \/>\n<meta name=\"twitter:label1\" content=\"Odhadovan\u00e1 doba \u010dten\u00ed\" \/>\n\t<meta name=\"twitter:data1\" content=\"1 minuta\" \/>\n<script type=\"application\/ld+json\" class=\"yoast-schema-graph\">{\"@context\":\"https:\/\/schema.org\",\"@graph\":[{\"@type\":\"WebPage\",\"@id\":\"https:\/\/www.aquafollie.it\/cs\/narozeninova-akce\/\",\"url\":\"https:\/\/www.aquafollie.it\/cs\/narozeninova-akce\/\",\"name\":\"Narozeninov\u00e1 akce - Aquafollie\",\"isPartOf\":{\"@id\":\"https:\/\/www.aquafollie.it\/en\/#website\"},\"datePublished\":\"2025-03-28T06:08:31+00:00\",\"dateModified\":\"2026-04-14T08:36:02+00:00\",\"description\":\"Oslav sv\u00e9 narozeniny v Aquafollie v Caorle! Vstupenka zdarma a nezapomenuteln\u00fd den pln\u00fd skluzavek, p\u0159\u00e1tel a p\u0159ekvapen\u00ed.\",\"breadcrumb\":{\"@id\":\"https:\/\/www.aquafollie.it\/cs\/narozeninova-akce\/#breadcrumb\"},\"inLanguage\":\"cs\",\"potentialAction\":[{\"@type\":\"ReadAction\",\"target\":[\"https:\/\/www.aquafollie.it\/cs\/narozeninova-akce\/\"]}]},{\"@type\":\"BreadcrumbList\",\"@id\":\"https:\/\/www.aquafollie.it\/cs\/narozeninova-akce\/#breadcrumb\",\"itemListElement\":[{\"@type\":\"ListItem\",\"position\":1,\"name\":\"Home\",\"item\":\"https:\/\/www.aquafollie.it\/cs\/\"},{\"@type\":\"ListItem\",\"position\":2,\"name\":\"Narozeninov\u00e1 akce\"}]},{\"@type\":\"WebSite\",\"@id\":\"https:\/\/www.aquafollie.it\/en\/#website\",\"url\":\"https:\/\/www.aquafollie.it\/en\/\",\"name\":\"Aquafollie\",\"description\":\"\",\"publisher\":{\"@id\":\"https:\/\/www.aquafollie.it\/en\/#organization\"},\"potentialAction\":[{\"@type\":\"SearchAction\",\"target\":{\"@type\":\"EntryPoint\",\"urlTemplate\":\"https:\/\/www.aquafollie.it\/en\/?s={search_term_string}\"},\"query-input\":{\"@type\":\"PropertyValueSpecification\",\"valueRequired\":true,\"valueName\":\"search_term_string\"}}],\"inLanguage\":\"cs\"},{\"@type\":\"Organization\",\"@id\":\"https:\/\/www.aquafollie.it\/en\/#organization\",\"name\":\"Aquafollie\",\"url\":\"https:\/\/www.aquafollie.it\/en\/\",\"logo\":{\"@type\":\"ImageObject\",\"inLanguage\":\"cs\",\"@id\":\"https:\/\/www.aquafollie.it\/en\/#\/schema\/logo\/image\/\",\"url\":\"https:\/\/www.aquafollie.it\/wp-content\/uploads\/2025\/03\/aquafollie-logo.svg\",\"contentUrl\":\"https:\/\/www.aquafollie.it\/wp-content\/uploads\/2025\/03\/aquafollie-logo.svg\",\"width\":244,\"height\":67,\"caption\":\"Aquafollie\"},\"image\":{\"@id\":\"https:\/\/www.aquafollie.it\/en\/#\/schema\/logo\/image\/\"}}]}<\/script>\n<!-- \/ Yoast SEO plugin. -->","yoast_head_json":{"title":"Narozeninov\u00e1 akce - Aquafollie","description":"Oslav sv\u00e9 narozeniny v Aquafollie v Caorle! Vstupenka zdarma a nezapomenuteln\u00fd den pln\u00fd skluzavek, p\u0159\u00e1tel a p\u0159ekvapen\u00ed.","robots":{"index":"index","follow":"follow","max-snippet":"max-snippet:-1","max-image-preview":"max-image-preview:large","max-video-preview":"max-video-preview:-1"},"canonical":"https:\/\/www.aquafollie.it\/cs\/narozeninova-akce\/","og_locale":"cs_CZ","og_type":"article","og_title":"Narozeninov\u00e1 akce - Aquafollie","og_description":"Oslav sv\u00e9 narozeniny v Aquafollie v Caorle! Vstupenka zdarma a nezapomenuteln\u00fd den pln\u00fd skluzavek, p\u0159\u00e1tel a p\u0159ekvapen\u00ed.","og_url":"https:\/\/www.aquafollie.it\/cs\/narozeninova-akce\/","og_site_name":"Aquafollie","article_modified_time":"2026-04-14T08:36:02+00:00","twitter_card":"summary_large_image","twitter_misc":{"Odhadovan\u00e1 doba \u010dten\u00ed":"1 minuta"},"schema":{"@context":"https:\/\/schema.org","@graph":[{"@type":"WebPage","@id":"https:\/\/www.aquafollie.it\/cs\/narozeninova-akce\/","url":"https:\/\/www.aquafollie.it\/cs\/narozeninova-akce\/","name":"Narozeninov\u00e1 akce - Aquafollie","isPartOf":{"@id":"https:\/\/www.aquafollie.it\/en\/#website"},"datePublished":"2025-03-28T06:08:31+00:00","dateModified":"2026-04-14T08:36:02+00:00","description":"Oslav sv\u00e9 narozeniny v Aquafollie v Caorle! Vstupenka zdarma a nezapomenuteln\u00fd den pln\u00fd skluzavek, p\u0159\u00e1tel a p\u0159ekvapen\u00ed.","breadcrumb":{"@id":"https:\/\/www.aquafollie.it\/cs\/narozeninova-akce\/#breadcrumb"},"inLanguage":"cs","potentialAction":[{"@type":"ReadAction","target":["https:\/\/www.aquafollie.it\/cs\/narozeninova-akce\/"]}]},{"@type":"BreadcrumbList","@id":"https:\/\/www.aquafollie.it\/cs\/narozeninova-akce\/#breadcrumb","itemListElement":[{"@type":"ListItem","position":1,"name":"Home","item":"https:\/\/www.aquafollie.it\/cs\/"},{"@type":"ListItem","position":2,"name":"Narozeninov\u00e1 akce"}]},{"@type":"WebSite","@id":"https:\/\/www.aquafollie.it\/en\/#website","url":"https:\/\/www.aquafollie.it\/en\/","name":"Aquafollie","description":"","publisher":{"@id":"https:\/\/www.aquafollie.it\/en\/#organization"},"potentialAction":[{"@type":"SearchAction","target":{"@type":"EntryPoint","urlTemplate":"https:\/\/www.aquafollie.it\/en\/?s={search_term_string}"},"query-input":{"@type":"PropertyValueSpecification","valueRequired":true,"valueName":"search_term_string"}}],"inLanguage":"cs"},{"@type":"Organization","@id":"https:\/\/www.aquafollie.it\/en\/#organization","name":"Aquafollie","url":"https:\/\/www.aquafollie.it\/en\/","logo":{"@type":"ImageObject","inLanguage":"cs","@id":"https:\/\/www.aquafollie.it\/en\/#\/schema\/logo\/image\/","url":"https:\/\/www.aquafollie.it\/wp-content\/uploads\/2025\/03\/aquafollie-logo.svg","contentUrl":"https:\/\/www.aquafollie.it\/wp-content\/uploads\/2025\/03\/aquafollie-logo.svg","width":244,"height":67,"caption":"Aquafollie"},"image":{"@id":"https:\/\/www.aquafollie.it\/en\/#\/schema\/logo\/image\/"}}]}},"_links":{"self":[{"href":"https:\/\/www.aquafollie.it\/cs\/wp-json\/wp\/v2\/pages\/4150","targetHints":{"allow":["GET"]}}],"collection":[{"href":"https:\/\/www.aquafollie.it\/cs\/wp-json\/wp\/v2\/pages"}],"about":[{"href":"https:\/\/www.aquafollie.it\/cs\/wp-json\/wp\/v2\/types\/page"}],"author":[{"embeddable":true,"href":"https:\/\/www.aquafollie.it\/cs\/wp-json\/wp\/v2\/users\/1"}],"replies":[{"embeddable":true,"href":"https:\/\/www.aquafollie.it\/cs\/wp-json\/wp\/v2\/comments?post=4150"}],"version-history":[{"count":1,"href":"https:\/\/www.aquafollie.it\/cs\/wp-json\/wp\/v2\/pages\/4150\/revisions"}],"predecessor-version":[{"id":4153,"href":"https:\/\/www.aquafollie.it\/cs\/wp-json\/wp\/v2\/pages\/4150\/revisions\/4153"}],"wp:attachment":[{"href":"https:\/\/www.aquafollie.it\/cs\/wp-json\/wp\/v2\/media?parent=4150"}],"curies":[{"name":"wp","href":"https:\/\/api.w.org\/{rel}","templated":true}]}}